{"id":963,"date":"2021-03-17T09:30:57","date_gmt":"2021-03-17T06:30:57","guid":{"rendered":"http:\/\/quixx.kollektif.com.tr\/?page_id=963"},"modified":"2021-03-17T17:24:25","modified_gmt":"2021-03-17T14:24:25","slug":"quixxcold-cerez-politikasi","status":"publish","type":"page","link":"https:\/\/quixx.kollektif.com.tr\/index.php\/quixxcold-cerez-politikasi\/","title":{"rendered":"QUIXX COLD \u00c7EREZ POL\u0130T\u0130KASI"},"content":{"rendered":"\t\t<div data-elementor-type=\"wp-page\" data-elementor-id=\"963\" class=\"elementor elementor-963\" data-elementor-settings=\"[]\">\n\t\t\t\t\t\t\t<div class=\"elementor-section-wrap\">\n\t\t\t\t\t\t\t<section class=\"elementor-section elementor-top-section elementor-element elementor-element-0729966 elementor-section-boxed elementor-section-height-default elementor-section-height-default parallax_section_no qode_elementor_container_no\" data-id=\"0729966\" data-element_type=\"section\">\n\t\t\t\t\t\t<div class=\"elementor-container elementor-column-gap-default\">\n\t\t\t\t\t<div class=\"elementor-column elementor-col-100 elementor-top-column elementor-element elementor-element-c83c3f3\" data-id=\"c83c3f3\" data-element_type=\"column\">\n\t\t\t<div class=\"elementor-widget-wrap elementor-element-populated\">\n\t\t\t\t\t\t\t\t<div class=\"elementor-element elementor-element-b7b4f6f elementor-widget elementor-widget-text-editor\" data-id=\"b7b4f6f\" data-element_type=\"widget\" data-widget_type=\"text-editor.default\">\n\t\t\t\t<div class=\"elementor-widget-container\">\n\t\t\t\t\t<div class=\"elementor-text-editor elementor-clearfix\"><p><!-- wp:heading --><\/p>\n<p><\/p>\n<p><b>\u00c7erez Politikas\u0131:<\/b><\/p>\n<p>Menarini T\u00fcrkiye olarak, kullan\u0131c\u0131lar\u0131m\u0131z\u0131n hizmetlerimizden g\u00fcvenli ve eksiksiz \u015fekilde faydalanmalar\u0131n\u0131 sa\u011flamak amac\u0131yla \u00fcyelerimizin gizlili\u011fini ciddiye al\u0131yoruz.<\/p>\n<p>\u00c7o\u011fu web sitesinde oldu\u011fu gibi, quixxcold.com sitesi ile mobil uygulaman\u0131n ziyaret\u00e7ilere ki\u015fisel i\u00e7erik ve reklamlar g\u00f6stermek, site i\u00e7inde analitik faaliyetler ger\u00e7ekle\u015ftirmek ve ziyaret\u00e7i kullan\u0131m al\u0131\u015fkanl\u0131klar\u0131n\u0131 takip etmek amac\u0131yla \u00c7erezler kullan\u0131lmaktad\u0131r.<\/p>\n<p>\u00c7erez Politakas\u0131, quixxcold.com sitesinin Gizlilik Politikas\u0131\u2019n\u0131n \u00f6nemli bir par\u00e7as\u0131d\u0131r.<\/p>\n<p>Menarini T\u00fcrkiye (Quixx Cold), bu \u00c7erez Politikas\u0131\u2019n\u0131 site\u2019de hangi \u00e7erezlerin kullan\u0131ld\u0131\u011f\u0131n\u0131 ve kullan\u0131c\u0131lar\u0131n bu konudaki tercihlerini nas\u0131l y\u00f6netebilece\u011fini a\u00e7\u0131klamak amac\u0131yla haz\u0131rlam\u0131\u015ft\u0131r. QuixxCold taraf\u0131ndan ki\u015fisel verilerinizin nas\u0131l i\u015flenece\u011fine dair detayl\u0131 bilgi almak i\u00e7in Gizlilik Politikas\u0131n\u0131 inceleyebilirsiniz.<\/p>\n<p><\/p>\n<p><b>\u00c7erez Nedir?<\/b><\/p>\n<p>\u00c7erez, bir siteyi ziyaret etti\u011finizde taray\u0131c\u0131n\u0131z arac\u0131l\u0131\u011f\u0131yla bilgisayar\u0131n\u0131za veya mobil cihaz\u0131n\u0131za kaydedilen k\u00fc\u00e7\u00fck boyutlu bir metin dosyas\u0131d\u0131r. \u00c7erezler bir sitenin daha verimli \u00e7al\u0131\u015fmas\u0131n\u0131, ki\u015fisel ihtiya\u00e7lar\u0131n\u0131z do\u011frultusunda daha uygun ve h\u0131zl\u0131 bir ziyaret deneyimi ya\u015fatmak i\u00e7in ki\u015fiselle\u015ftirilmi\u015f sayfalar\u0131n sunulabilmesine olanak sa\u011flar. \u00c7erezler sadece internet ortam\u0131ndaki ziyaret ge\u00e7mi\u015finize dair bilgiler i\u00e7erir, bilgisayar\u0131n\u0131zda veya mobil cihaz\u0131n\u0131zda depolanm\u0131\u015f dosyalara dair herhangi bir bilgiye ula\u015fmak ya da toplamaz.<\/p>\n<p>\u00c7erezler, ziyaret\u00e7ilere ili\u015fkin isim, cinsiyet veya adres gibi ki\u015fisel verileri i\u00e7ermezler.<\/p>\n<p><\/p>\n<p><b>Hangi \u00c7erezler Neden Kullan\u0131l\u0131r?<\/b><\/p>\n<p>Kal\u0131c\u0131 \u00c7erez ve Ge\u00e7ici \u00c7erez olarak iki \u00e7erez tipi bulunmaktad\u0131r. Ge\u00e7ici \u00e7erezler internet sitesini ziyaret etti\u011finiz esnada olu\u015fur ve sadece taray\u0131c\u0131n\u0131z\u0131 kapat\u0131ncaya kadar ge\u00e7erlidir. Kal\u0131c\u0131 \u00e7erezler ise internet sitesini ziyaret etti\u011finizde olu\u015fur ve siz silinceye veya s\u00fcreleri doluncaya kadar kal\u0131r. Ayarlar\u0131n\u0131z ile uyumlu ki\u015fiselle\u015ftirilmi\u015f bir site deneyimi sunma gibi i\u015flemler i\u00e7in kal\u0131c\u0131 \u00e7erezler kullan\u0131l\u0131r.<\/p>\n<p><\/p>\n<p><b>Zorunlu \u00c7erezler<\/b>: quixxcold.com sitesinin hatas\u0131z bir \u015fekilde \u00e7al\u0131\u015fmas\u0131 i\u00e7in zorunlu \u00e7erezler devreye girer. \u00d6rne\u011fin, kimlik do\u011frulama, mevcut oturumunuz ile ilgili bilgilerin kaybolmamas\u0131 gibi ama\u00e7larla zorunlu \u00e7erezler kullan\u0131lmaktad\u0131r. Bu \u00e7erezler g\u00fcvenlik ve do\u011frulama gibi ama\u00e7lar i\u00e7in kullan\u0131lmakta olup, herhangi bir pazarlama amac\u0131 do\u011frultusunda kullan\u0131lmaz.<\/p>\n<p><\/p>\n<p><b>\u0130\u015flevsellik i\u00e7in Kullan\u0131lan \u00c7erezler<\/b>: Sitemizi ziyaret eden kullan\u0131c\u0131lar\u0131n tercihlerini hat\u0131rlamas\u0131na olanak sa\u011flayan \u00e7erezlerdir. Bu t\u00fcr \u00e7erezlerin kullan\u0131m\u0131na izin verilmemesi size \u00f6zel bir \u00f6zelli\u011fin kullan\u0131lmamas\u0131na neden olabilir ve tercihlerinizi hat\u0131rlamas\u0131na engel olabilir.<\/p>\n<p><\/p>\n<p><b>Performans ve Analiz i\u00e7in \u0130htiya\u00e7 Duyulan \u00c7erezler:<\/b> quixxcold.com sitesinin geli\u015ftirilmesine yard\u0131mc\u0131 olan \u00e7erezlerdir. Bu t\u00fcr \u00e7erezler, ziyaret\u00e7ilerin site kullan\u0131mlar\u0131 hakk\u0131nda bilgiler toplar, sorunsuz \u00e7al\u0131\u015f\u0131p \u00e7al\u0131\u015fmad\u0131\u011f\u0131n\u0131 denetlemek ve toplanan hatalar\u0131n tespitinde kullan\u0131l\u0131r.<\/p>\n<p><\/p>\n<p><b>Hedefleme ve Reklam \u00c7erezleri: <\/b>quixxcold.com sitesinde harici mecralarda \u00fcr\u00fcn ve hizmet tan\u0131t\u0131m\u0131n\u0131 yapmak, i\u015f ortaklar\u0131m\u0131zla birlikte size ki\u015fiselle\u015ftirilmi\u015f reklamlar g\u00f6stermek, reklam kampanyalar\u0131n\u0131n etkinli\u011fini \u00f6l\u00e7mek i\u00e7in kullan\u0131l\u0131r.<\/p>\n<p><\/p>\n<p><b>\u00c7erezlerin Kullan\u0131lma Sebepleri<\/b><\/p>\n<p><b>&nbsp;<\/b><\/p>\n<p>quixxcold.com<span style=\"font-family: var( --e-global-typography-text-font-family ), Sans-serif; font-weight: var( --e-global-typography-text-font-weight );\">&nbsp;sitesinde kullan\u0131lan \u00e7erezler, a\u015fa\u011f\u0131da belirtilen kapsamlar dahilinde kullan\u0131lmaktad\u0131r:<\/span><\/p>\n<p><\/p>\n<p><span style=\"color: var( --e-global-color-text ); font-family: var( --e-global-typography-text-font-family ), Sans-serif; font-weight: var( --e-global-typography-text-font-weight );\">1. Platform\u2019un \u00e7al\u0131\u015fmas\u0131 i\u00e7in gerekli temel fonksiyonlar\u0131 ger\u00e7ekle\u015ftirmek. \u00d6rne\u011fin, oturum a\u00e7an \u00fcyelerin siteyi ziyaret ederken tekrar \u015fifre girmelerine gerek kalmamas\u0131.<\/span><br><span style=\"color: var( --e-global-color-text ); font-family: var( --e-global-typography-text-font-family ), Sans-serif; font-weight: var( --e-global-typography-text-font-weight );\">2. Web sitesini analiz etmek ve performans\u0131n\u0131 art\u0131rmak. \u00d6rne\u011fin, sitenin \u00fczerinde \u00e7al\u0131\u015ft\u0131\u011f\u0131 farkl\u0131 sunucular\u0131n entegrasyonu, Platform\u2019u ziyaret edenlerin say\u0131s\u0131n\u0131n tespit edilmesi ve buna g\u00f6re performans ayarlar\u0131n\u0131n yap\u0131lmas\u0131 ya da ziyaret\u00e7ilerin arad\u0131klar\u0131n\u0131 bulmalar\u0131n\u0131n kolayla\u015ft\u0131r\u0131lmas\u0131.<\/span><br><span style=\"color: var( --e-global-color-text ); font-family: var( --e-global-typography-text-font-family ), Sans-serif; font-weight: var( --e-global-typography-text-font-weight );\">3. Quixxcold.com sitesinin i\u015flevselli\u011fini art\u0131rmak ve kullan\u0131m kolayl\u0131\u011f\u0131 sa\u011flamak. \u00d6rne\u011fin, Platform \u00fczerinden \u00fc\u00e7\u00fcnc\u00fc taraf sosyal medya mecralar\u0131na payla\u015f\u0131mda bulunmak, siteyi ziyaret eden ziyaret\u00e7inin daha sonraki ziyaretinde kullan\u0131c\u0131 ad\u0131 bilgisinin ya da arama sorgular\u0131n\u0131n hat\u0131rlanmas\u0131.<\/span><br><span style=\"color: var( --e-global-color-text ); font-family: var( --e-global-typography-text-font-family ), Sans-serif; font-weight: var( --e-global-typography-text-font-weight );\">4. Ki\u015fiselle\u015ftirme, hedefleme ve reklamc\u0131l\u0131k faaliyeti ger\u00e7ekle\u015ftirmek. \u00d6rne\u011fin, ziyaret\u00e7ilerin g\u00f6r\u00fcnt\u00fcledikleri sayfa ve \u00fcr\u00fcnler \u00fczerinden ziyaret\u00e7ilerin ilgi alanlar\u0131yla ba\u011flant\u0131l\u0131 reklam g\u00f6sterilmesi.<\/span><\/p>\n<p><span style=\"color: var( --e-global-color-text ); font-family: var( --e-global-typography-text-font-family ), Sans-serif; font-weight: var( --e-global-typography-text-font-weight );\">&nbsp;<\/span><\/p>\n<p><b>\u00c7erez Tercihlerinizi Nas\u0131l Kontrol Edebilirsiniz?<\/b><\/p>\n<p>Ziyaret\u00e7ilerimizin kendilerine ait ki\u015fisel veriler \u00fczerindeki tercihlerini kullanabilmeleri b\u00fcy\u00fck \u00f6nem ta\u015f\u0131maktad\u0131r. \u00d6te yandan, site\u2019nin \u00e7al\u0131\u015fmas\u0131 i\u00e7in zorunlu olan baz\u0131 \u00e7erezler konusunda tercih y\u00f6netimi m\u00fcmk\u00fcn de\u011fildir. Baz\u0131 \u00e7erezlerin kapat\u0131lmas\u0131 halinde sitemizin \u00e7e\u015fitli fonksiyonlar\u0131n\u0131n \u00e7al\u0131\u015fmayabilir.<\/p>\n<p><\/p>\n<p>Bilgisayar\u0131n\u0131zda bulunan \u00e7erezleri silebilir ve internet gezgininize \u00e7erez kaydedilmesini\/yerle\u015ftirilmesini engelleyebilirsiniz.<\/p>\n<p>\u0130nternet taray\u0131c\u0131lar\u0131 \u00e7erezleri otomatik olarak kabul edecek \u015fekilde \u00f6n tan\u0131ml\u0131d\u0131r. \u00c7erezleri y\u00f6netmek i\u00e7in taray\u0131c\u0131n\u0131n veya uygulaman\u0131n yard\u0131m men\u00fcs\u00fcne bakabilirsiniz.<\/p>\n<p>\u00d6rne\u011fin; &#8220;Google Chrome -&gt; Ayarlar -&gt; Geli\u015fmi\u015f -&gt; Gizlilik ve G\u00fcvenlik -&gt; Site Ayarlar\u0131 -&gt; \u00c7erezler ve Site Verileri -&gt; Sitelerin \u00e7erez verilerini kaydetmelerine ve okumalar\u0131na izin ver&#8221; se\u00e7ene\u011fi ile y\u00f6netebilirsiniz.<\/p>\n<p>&#8220;Internet Explorer -&gt; Ayarlar -&gt; \u0130nternet Se\u00e7enekleri -&gt; Gizlilik -&gt; Geli\u015fmi\u015f ayarlar&#8221; men\u00fcs\u00fcnden y\u00f6netebilirsiniz.<\/p>\n<p>\u00c7o\u011fu Internet gezgini a\u015fa\u011f\u0131dakileri yapman\u0131za olanak sa\u011flar:<\/p>\n<p>Kaydedilmi\u015f \u00e7erezleri g\u00f6r\u00fcnt\u00fcleme ve dilediklerinizi silme<\/p>\n<p>\u00dc\u00e7\u00fcnc\u00fc taraf \u00e7erezleri engelleme<\/p>\n<p>Belli sitelerden \u00e7erezleri engelleme<\/p>\n<p>T\u00fcm \u00e7erezleri engelleme<\/p>\n<p>Internet gezginini kapatt\u0131\u011f\u0131n\u0131zda t\u00fcm \u00e7erezleri silme<\/p>\n<p>\u00c7erezleri silmeyi tercih ederseniz ilgili web sitesindeki tercihleriniz silinecektir. \u00c7erezleri tamamen engellemeyi tercih ederseniz, bir\u00e7ok web sitesi ve dijital platform d\u00fczg\u00fcn \u00e7al\u0131\u015fmayabilir.<\/p>\n<p>Mobil Cihaz\u0131n\u0131zda \u00c7erezleri Kontrol etmek i\u00e7in ;<\/p>\n<p>Apple Cihazlarda;<\/p>\n<p>&#8220;Ayarlar -&gt; Safari -&gt; Ge\u00e7mi\u015fi ve Web Sitesi Verilerini Sil&#8221; ad\u0131mlar\u0131 ile tarama ge\u00e7mi\u015finizi ve \u00e7erezleri temizleyebilirsiniz..<\/p>\n<p>\u00c7erezleri silip ge\u00e7mi\u015finizi tutmak i\u00e7in &#8220;Ayarlar -&gt; Safari -&gt; \u0130leri D\u00fczey -&gt; Web Sitesi Verileri -&gt; T\u00fcm Web Sitesi Verilerini Sil&#8221; ad\u0131mlar\u0131n\u0131 izleyebilirsiniz.<\/p>\n<p>Siteleri ziyaret ederken ge\u00e7mi\u015f verilerinin tutulmas\u0131n\u0131 istemiyorsan\u0131z;<\/p>\n<p>&#8220;Safari -&gt; simgesi -&gt; \u00d6zel -&gt; Bitti&#8221; ad\u0131mlar\u0131n\u0131 izleyerek \u00f6zel dola\u015f\u0131m\u0131 aktif hale getirebilirsiniz.<\/p>\n<p>&#8220;Ayarlar -&gt; Safari -&gt; T\u00fcm \u00c7erezleri Engelle&#8221; ad\u0131mlar\u0131 ile \u00e7erezleri engelleyebilirsiniz. Ancak; \u00e7erezleri engelledi\u011finizde baz\u0131 web siteleri ve \u00f6zellikler d\u00fczg\u00fcn \u00e7al\u0131\u015fmayabilir.<\/p>\n<p>Android Cihazlarda;<\/p>\n<p>&#8220;Chrome uygulamas\u0131 -&gt; Ayarlar -&gt; Gizlilik -&gt; Tarama verilerini temizle -&gt; \u00c7erezler, medya lisanslar\u0131 ve site verileri -&gt; Verileri Temizle&#8221; se\u00e7ene\u011fi ile \u00e7erezlerinizi temizleyebilirsiniz.<\/p>\n<p>&#8220;Chrome Uygulamas\u0131 -&gt; Ayarlar -&gt; Site Ayarlar\u0131 -&gt; \u00c7erezler&#8221; se\u00e7ene\u011fi ile \u00e7erezlere izin verebilir veya engelleyebilirsiniz.<\/p>\n<p><!-- \/wp:heading --><\/p><\/div>\n\t\t\t\t<\/div>\n\t\t\t\t<\/div>\n\t\t\t\t\t<\/div>\n\t\t<\/div>\n\t\t\t\t\t\t\t<\/div>\n\t\t<\/section>\n\t\t\t\t\t\t<\/div>\n\t\t\t\t\t<\/div>\n\t\t","protected":false},"excerpt":{"rendered":"<p>\u00c7erez Politikas\u0131: Menarini T\u00fcrkiye olarak, kullan\u0131c\u0131lar\u0131m\u0131z\u0131n hizmetlerimizden g\u00fcvenli ve eksiksiz \u015fekilde faydalanmalar\u0131n\u0131 sa\u011flamak amac\u0131yla \u00fcyelerimizin gizlili\u011fini ciddiye al\u0131yoruz. \u00c7o\u011fu web sitesinde oldu\u011fu gibi, quixxcold.com sitesi ile mobil uygulaman\u0131n ziyaret\u00e7ilere ki\u015fisel i\u00e7erik ve reklamlar g\u00f6stermek, site i\u00e7inde analitik faaliyetler ger\u00e7ekle\u015ftirmek ve ziyaret\u00e7i kullan\u0131m al\u0131\u015fkanl\u0131klar\u0131n\u0131 takip etmek&#8230;<\/p>\n","protected":false},"author":1,"featured_media":0,"parent":0,"menu_order":0,"comment_status":"closed","ping_status":"closed","template":"","meta":{"footnotes":""},"class_list":["post-963","page","type-page","status-publish","hentry"],"_links":{"self":[{"href":"https:\/\/quixx.kollektif.com.tr\/index.php\/wp-json\/wp\/v2\/pages\/963","targetHints":{"allow":["GET"]}}],"collection":[{"href":"https:\/\/quixx.kollektif.com.tr\/index.php\/wp-json\/wp\/v2\/pages"}],"about":[{"href":"https:\/\/quixx.kollektif.com.tr\/index.php\/wp-json\/wp\/v2\/types\/page"}],"author":[{"embeddable":true,"href":"https:\/\/quixx.kollektif.com.tr\/index.php\/wp-json\/wp\/v2\/users\/1"}],"replies":[{"embeddable":true,"href":"https:\/\/quixx.kollektif.com.tr\/index.php\/wp-json\/wp\/v2\/comments?post=963"}],"version-history":[{"count":12,"href":"https:\/\/quixx.kollektif.com.tr\/index.php\/wp-json\/wp\/v2\/pages\/963\/revisions"}],"predecessor-version":[{"id":1005,"href":"https:\/\/quixx.kollektif.com.tr\/index.php\/wp-json\/wp\/v2\/pages\/963\/revisions\/1005"}],"wp:attachment":[{"href":"https:\/\/quixx.kollektif.com.tr\/index.php\/wp-json\/wp\/v2\/media?parent=963"}],"curies":[{"name":"wp","href":"https:\/\/api.w.org\/{rel}","templated":true}]}}